{"id":2490,"date":"2024-09-02T14:33:20","date_gmt":"2024-09-02T17:33:20","guid":{"rendered":"https:\/\/cadbim.com.br\/?page_id=2490"},"modified":"2026-02-02T11:45:58","modified_gmt":"2026-02-02T14:45:58","slug":"job-openings","status":"publish","type":"page","link":"https:\/\/cadbim.com.br\/en\/job-openings\/","title":{"rendered":"Job openings"},"content":{"rendered":"<section class=\"bde-section-2490-100 bde-section\">\n              \n  \n  \n\t\n\n  <div class=\"section-background-overlay\"><\/div>\n\n\n<div class=\"section-container\"><div class=\"bde-columns-2490-101 bde-columns\"><div class=\"bde-column-2490-102 bde-column\">\n  \n  \n\t\n\n\n\n<div class=\"bde-text-2490-103 bde-text\">\n\n<\/div><h1 class=\"bde-heading-2490-104 bde-heading text-gradient\">\nJob openings\n<\/h1>\n<\/div><div class=\"bde-column-2490-105 bde-column\">\n  \n  \n\t\n\n\n\n<p class=\"bde-text-2490-106 bde-text\">\nWe are looking for talented individuals who drive innovation in BIM! Join the Cadbim team and build the future with us.\n<\/p>\n<\/div><\/div><\/div>\n<\/section><section class=\"bde-section-2490-131 bde-section\">\n  \n  \n\t\n\n\n\n<div class=\"section-container\"><h2 class=\"bde-heading-2490-132 bde-heading\">\nJoin the Cadbim team\n<\/h2><div class=\"bde-columns-2490-133 bde-columns\"><div class=\"bde-column-2490-134 bde-column\">\n  \n  \n\t\n\n\n\n<p class=\"bde-text-2490-135 bde-text\">\n<strong>Here, you transform the construction industry and evolve along with us.<\/strong><br><br>At Cadbim, we believe that innovation happens when <strong>talented<\/strong> and <strong>committed people<\/strong> come together to transform processes, create solutions, and evolve continuously.<br><br>We are looking for professionals who share our purpose: <strong>to make BIM more accessible, efficient and collaborative<\/strong>, supporting companies in their digital transformation.\n<\/p>\n<\/div><div class=\"bde-column-2490-136 bde-column\">\n  \n  \n\t\n\n\n\n<div class=\"bde-image-2490-137 bde-image\">\n<figure class=\"breakdance-image breakdance-image--2938\">\n\t<div class=\"breakdance-image-container\">\n\t\t<div class=\"breakdance-image-clip\"><img decoding=\"async\" class=\"breakdance-image-object\" src=\"https:\/\/cadbim.com.br\/wp-content\/uploads\/2025\/04\/cadbim-jpg.webp\" width=\"800\" height=\"534\" srcset=\"https:\/\/cadbim.com.br\/wp-content\/uploads\/2025\/04\/cadbim-jpg.webp 800w, https:\/\/cadbim.com.br\/wp-content\/uploads\/2025\/04\/cadbim-500x334.webp 500w, https:\/\/cadbim.com.br\/wp-content\/uploads\/2025\/04\/cadbim-768x513.webp 768w\" sizes=\"(max-width: 800px) 100vw, 800px\" alt=\"\" title=\"\"><\/div>\n\t<\/div><\/figure>\n\n<\/div>\n<\/div><\/div><div class=\"bde-fancy-divider-2490-138 bde-fancy-divider\">\n\n\n<div class=\"bde-fancy-divider__wrapper\">\n  <div class=\"bde-fancy-divider__separator\">\n  \t  <\/div>\n<\/div>\n\n<\/div><\/div>\n<\/section><section class=\"bde-section-2490-139 bde-section\">\n  \n  \n\t\n\n\n\n<div class=\"section-container\"><h2 class=\"bde-heading-2490-140 bde-heading\">\nWhy work at Cadbim?\n<\/h2><div class=\"bde-columns-2490-141 bde-columns\"><div class=\"bde-column-2490-142 bde-column\">\n  \n  \n\t\n\n\n\n<div class=\"bde-image-2490-143 bde-image\">\n<figure class=\"breakdance-image breakdance-image--182\">\n\t<div class=\"breakdance-image-container\">\n\t\t<div class=\"breakdance-image-clip\"><img decoding=\"async\" class=\"breakdance-image-object\" src=\"https:\/\/cadbim.com.br\/wp-content\/uploads\/2024\/03\/cadBIM-Consultoria-e-engenharia-integrada-1.jpg\" width=\"340\" height=\"266\" srcset=\"https:\/\/cadbim.com.br\/wp-content\/uploads\/2024\/03\/cadBIM-Consultoria-e-engenharia-integrada-1.jpg 340w, https:\/\/cadbim.com.br\/wp-content\/uploads\/2024\/03\/cadBIM-Consultoria-e-engenharia-integrada-1-300x235.jpg 300w\" sizes=\"(max-width: 340px) 100vw, 340px\" alt=\"\" title=\"\"><\/div>\n\t<\/div><\/figure>\n\n<\/div>\n<\/div><div class=\"bde-column-2490-144 bde-column\">\n  \n  \n\t\n\n\n\n<ul class=\"bde-basic-list-2490-145 bde-basic-list\">\n  <li  >    \n          <strong>Welcoming and collaborative environment - <\/strong>Here, you&#039;ll find space to grow, learn, and share.\n      <\/li>\n  <li  >    \n          <strong>Technical excellence -  <\/strong>We work with cutting-edge technology, continuous training, and challenging projects.\n      <\/li>\n  <li  >    \n          <strong>Real impact - <\/strong>Our projects transform the construction industry and contribute to sustainable and innovative development.\n      <\/li>\n<\/ul>\n<\/div><\/div><\/div>\n<\/section><section class=\"bde-section-2490-146 bde-section\">\n  \n  \n\t\n\n\n\n<div class=\"section-container\"><h2 class=\"bde-heading-2490-148 bde-heading\">\nWe are looking for talent that\u2026\n<\/h2><ul class=\"bde-basic-list-2490-149 bde-basic-list\">\n  <li  >    \n          Wants <strong>to grow professionally.<\/strong>\n      <\/li>\n  <li  >    \n          Is <strong>passionate<\/strong> about <strong>innovation and technology<\/strong>.\n      <\/li>\n  <li  >    \n          Has <strong>a collaborative spirit<\/strong>.\n      <\/li>\n  <li  >    \n          Wishes to <strong>transform the future<\/strong> from engineering to <strong>BIM<\/strong>.\n      <\/li>\n<\/ul><\/div>\n<\/section><section class=\"bde-section-2490-107 bde-section\">\n  \n  \n\t\n\n\n\n<div class=\"section-container\"><div class=\"bde-grid-2490-122 bde-grid\">\n  \n  \n\t\n\n\n\n<div class=\"bde-columns-2490-123 bde-columns\"><div class=\"bde-column-2490-126 bde-column\">\n  \n  \n\t\n\n\n\n<p class=\"bde-text-2490-127 bde-text\">\nHow do I apply?\n<\/p>\n<\/div><\/div><div class=\"bde-div-2490-128 bde-div\">\n  \n  \n\t\n\n\n\n<p class=\"bde-text-2490-129 bde-text\">\nPlease fill out the form below with your information and attach your resume.<br><strong>We look forward to meeting you!<\/strong>\n<\/p>\n<\/div>\n<\/div><div class=\"bde-form-builder-2490-130 bde-form-builder\">\n\n<form id=\"trabalhe-conosco130\" class=\"breakdance-form breakdance-form--vertical\" data-options=\"{&quot;slug&quot;:&quot;custom&quot;,&quot;name&quot;:&quot;Trabalhe Conosco&quot;,&quot;ajaxUrl&quot;:&quot;https:\\\/\\\/cadbim.com.br\\\/wp-admin\\\/admin-ajax.php&quot;,&quot;clearOnSuccess&quot;:true,&quot;hideOnSuccess&quot;:false,&quot;successMessage&quot;:&quot;Seu curriculum foi recebido!&quot;,&quot;errorMessage&quot;:&quot;Algo deu errado. Entre em contato conosco via telefone.&quot;,&quot;redirect&quot;:false,&quot;redirectUrl&quot;:&quot;&quot;,&quot;customJavaScript&quot;:&quot;&quot;,&quot;recaptcha&quot;:{&quot;key&quot;:&quot;&quot;,&quot;enabled&quot;:false},&quot;honeypot_enabled&quot;:false,&quot;popupsOnSuccess&quot;:[],&quot;popupsOnError&quot;:[]}\" data-steps=\"0\" action=\"\" >\n  \n  \n  \n<div class=\"breakdance-form-field breakdance-form-field--text\" >\n    \n    \n            <label class=\"breakdance-form-field__label\" for=\"name\">\n            Name<span class=\"breakdance-form-field__required\">*<\/span>\n        <\/label>\n    \n    <input\n    class=\"breakdance-form-field__input\"\n    id=\"name\"\n    aria-describedby=\"name\"\n    type=\"text\"\n    name=\"fields[name]\"\n    placeholder=\"Full name\"\n    value=\"\"\n                \n        \n        \n    required\n>\n\n\n    \n    \n<\/div>\n\n\n<div class=\"breakdance-form-field breakdance-form-field--text\" >\n    \n    \n            <label class=\"breakdance-form-field__label\" for=\"linkedin\">\n            LinkedIn<span class=\"breakdance-form-field__required\">*<\/span>\n        <\/label>\n    \n    <input\n    class=\"breakdance-form-field__input\"\n    id=\"linkedin\"\n    aria-describedby=\"linkedin\"\n    type=\"text\"\n    name=\"fields[linkedin]\"\n    placeholder=\"LinkedIn\"\n    value=\"\"\n                \n        \n        \n    required\n>\n\n\n    \n    \n<\/div>\n\n\n<div class=\"breakdance-form-field breakdance-form-field--email\" >\n    \n    \n            <label class=\"breakdance-form-field__label\" for=\"email\">\n            E-mail<span class=\"breakdance-form-field__required\">*<\/span>\n        <\/label>\n    \n    <input\n    class=\"breakdance-form-field__input\"\n    id=\"email\"\n    aria-describedby=\"email\"\n    type=\"email\"\n    name=\"fields[email]\"\n    placeholder=\"E-mail\"\n    value=\"\"\n                \n        \n        \n    required\n>\n\n\n    \n    \n<\/div>\n\n\n<div class=\"breakdance-form-field breakdance-form-field--tel\" >\n    \n    \n            <label class=\"breakdance-form-field__label\" for=\"phone\">\n            Telephone<span class=\"breakdance-form-field__required\">*<\/span>\n        <\/label>\n    \n    <input\n    class=\"breakdance-form-field__input\"\n    id=\"phone\"\n    aria-describedby=\"phone\"\n    type=\"tel\"\n    name=\"fields[phone]\"\n    placeholder=\"Telephone\"\n    value=\"\"\n                \n        \n        \n    required\n>\n\n\n    \n    \n<\/div>\n\n\n<div class=\"breakdance-form-field breakdance-form-field--tel\" >\n    \n    \n            <label class=\"breakdance-form-field__label\" for=\"whatsapp\">\n            WhatsApp\n        <\/label>\n    \n    <input\n    class=\"breakdance-form-field__input\"\n    id=\"whatsapp\"\n    aria-describedby=\"whatsapp\"\n    type=\"tel\"\n    name=\"fields[whatsapp]\"\n    placeholder=\"WhatsApp\"\n    value=\"\"\n                \n        \n        \n    \n    \n    \n    \n>\n\n\n    \n    \n<\/div>\n\n\n<div class=\"breakdance-form-field breakdance-form-field--text\" >\n    \n    \n            <label class=\"breakdance-form-field__label\" for=\"city\">\n            City<span class=\"breakdance-form-field__required\">*<\/span>\n        <\/label>\n    \n    <input\n    class=\"breakdance-form-field__input\"\n    id=\"city\"\n    aria-describedby=\"city\"\n    type=\"text\"\n    name=\"fields[city]\"\n    placeholder=\"City\"\n    value=\"\"\n                \n        \n        \n    required\n>\n\n\n    \n    \n<\/div>\n\n\n<div class=\"breakdance-form-field breakdance-form-field--select\" >\n    \n    \n            <label class=\"breakdance-form-field__label\" for=\"state\">\n            State<span class=\"breakdance-form-field__required\">*<\/span>\n        <\/label>\n    \n    <select\n    class=\"breakdance-form-field__input\"\n    id=\"state\"\n    name=\"fields[state]\"\n    required\n>\n      <option value=\"\">State<\/option>\n          <option value=\"AC\" >Acre<\/option>\n        <option value=\"AL\" >Alagoas<\/option>\n        <option value=\"AP\" >Amap\u00e1<\/option>\n        <option value=\"AM\" >Amazon<\/option>\n        <option value=\"BA\" >Bahia<\/option>\n        <option value=\"CE\" >Cear\u00e1<\/option>\n        <option value=\"DF\" >Federal District<\/option>\n        <option value=\"ES\" >Holy Spirit<\/option>\n        <option value=\"GO\" >Goi\u00e1s<\/option>\n        <option value=\"MA\" >Maranh\u00e3o<\/option>\n        <option value=\"MT\" >Mato Grosso<\/option>\n        <option value=\"MS\" >Mato Grosso do Sul<\/option>\n        <option value=\"MG\" >Minas Gerais<\/option>\n        <option value=\"PA\" >To<\/option>\n        <option value=\"PB\" >Para\u00edba<\/option>\n        <option value=\"PR\" >Paran\u00e1<\/option>\n        <option value=\"PE\" >Pernambuco<\/option>\n        <option value=\"PI\" >Piau\u00ed<\/option>\n        <option value=\"RJ\" >Rio de Janeiro<\/option>\n        <option value=\"RN\" >Rio Grande do Norte<\/option>\n        <option value=\"RS\" >Rio Grande do Sul<\/option>\n        <option value=\"RO\" >Rond\u00f4nia<\/option>\n        <option value=\"RR\" >Roraima<\/option>\n        <option value=\"SC\" >Santa Catarina<\/option>\n        <option value=\"SP\" >S\u00e3o Paulo<\/option>\n        <option value=\"SE\" >Sergipe<\/option>\n  <\/select>\n\n\n    \n    \n<\/div>\n\n\n<div class=\"breakdance-form-field breakdance-form-field--text\" >\n    \n    \n            <label class=\"breakdance-form-field__label\" for=\"working_area\">\n            Area of expertise<span class=\"breakdance-form-field__required\">*<\/span>\n        <\/label>\n    \n    <input\n    class=\"breakdance-form-field__input\"\n    id=\"working_area\"\n    aria-describedby=\"working_area\"\n    type=\"text\"\n    name=\"fields[working_area]\"\n    placeholder=\"Area of expertise\"\n    value=\"\"\n                \n        \n        \n    required\n>\n\n\n    \n    \n<\/div>\n\n\n<div class=\"breakdance-form-field breakdance-form-field--file\" >\n    \n    \n            <label class=\"breakdance-form-field__label\" for=\"resume\">\n            Select resume<span class=\"breakdance-form-field__required\">*<\/span>\n        <\/label>\n    \n    <label for=\"resume\" class=\"breakdance-form-file-upload\">\n\n            \n                                    \n    \n    \n    \n    \n            \n            <button type=\"button\" class=\"button-atom button-atom--secondary breakdance-form-file-upload__button\"  >\n    \n        <span class=\"button-atom__text\">Choose File<\/span>\n\n        \n        \n            <\/button>\n    \n        <span class=\"breakdance-form-file-upload__text\">\n            No file chosen\n        <\/span>\n    \n    <input\n        id=\"resume\"\n        name=\"fields[resume][]\"\n        type=\"file\"\n        class=\"breakdance-form-file-upload__input\"\n        accept=\"application\/pdf,application\/vnd.openxmlformats-officedocument.wordprocessingml.document,application\/msword\"\n        \n        required\n data-max-files=\"\"\n        data-i18n-empty-text=\"No file chosen\"\n        data-i18n-filled-text=\"%n files\"\n        data-i18n-error-text=\"Only %n file(s) allowed.\"\n    >\n<\/label>\n\n\n\n    \n    \n<\/div>\n\n\n<div class=\"breakdance-form-field breakdance-form-field--checkbox\" >\n    \n    \n    \n    <fieldset role=\"group\"\n    >\n          <div class=\"breakdance-form-checkbox\">\n          <input\n              type=\"checkbox\"\n              name=\"fields[termos]\"\n              value=\"Eu aceito receber e-mails da CADBIM\"\n              id=\"termos-1\"\n              \n                        >\n          <label class=\"breakdance-form-checkbox__text\" for=\"termos-1\">I agree to receive emails from CADBIM.<\/label>\n      <\/div>\n  <\/fieldset>\n\n\n\n    \n    \n<\/div>\n\n\n  \n\n<div class=\"breakdance-form-field breakdance-form-footer\">\n    \n    \n                                    \n    \n    \n    \n    \n            \n            <button type=\"submit\" class=\"button-atom button-atom--primary breakdance-form-button breakdance-form-button__submit\"  >\n    \n        <span class=\"button-atom__text\">Send message<\/span>\n\n        \n        \n            <\/button>\n    \n    <input type=\"hidden\" name=\"form_id\" value=\"130\">\n    <input type=\"hidden\" name=\"post_id\" value=\"2490\">\n<\/div>\n\n  \n<input type=\"hidden\" name=\"trp-form-language\" value=\"en\"\/><\/form>\n\n\n<\/div><\/div>\n<\/section><section class=\"bde-section-2490-150 bde-section\">\n  \n  \n\t\n\n\n\n<div class=\"section-container\"><h2 class=\"bde-heading-2490-151 bde-heading\" data-entrance=\"fade\">\nReady to evolve with us?\n<\/h2><p class=\"bde-text-2490-154 bde-text\" data-entrance=\"fade\">\n<strong>Submit your application<\/strong> Come and be part of a team passionate about technology, innovation, and excellence!\n<\/p><\/div>\n<\/section>","protected":false},"excerpt":{"rendered":"<p>Vagas Buscamos talentos que impulsionam a inova\u00e7\u00e3o no BIM! Fa\u00e7a parte da equipe Cadbim e construa o futuro com a gente. Fa\u00e7a parte do time Cadbim Aqui, voc\u00ea transforma o setor da constru\u00e7\u00e3o e evolui junto com a gente.Na Cadbim, acreditamos que a inova\u00e7\u00e3o acontece quando pessoas talentosas e comprometidas se unem para transformar processos, [&hellip;]<\/p>","protected":false},"author":7,"featured_media":0,"parent":0,"menu_order":0,"comment_status":"closed","ping_status":"closed","template":"","meta":{"_acf_changed":false,"inline_featured_image":false,"_breakdance_hide_in_design_set":false,"_breakdance_tags":"","footnotes":""},"class_list":["post-2490","page","type-page","status-publish","hentry"],"acf":[],"_links":{"self":[{"href":"https:\/\/cadbim.com.br\/en\/wp-json\/wp\/v2\/pages\/2490","targetHints":{"allow":["GET"]}}],"collection":[{"href":"https:\/\/cadbim.com.br\/en\/wp-json\/wp\/v2\/pages"}],"about":[{"href":"https:\/\/cadbim.com.br\/en\/wp-json\/wp\/v2\/types\/page"}],"author":[{"embeddable":true,"href":"https:\/\/cadbim.com.br\/en\/wp-json\/wp\/v2\/users\/7"}],"replies":[{"embeddable":true,"href":"https:\/\/cadbim.com.br\/en\/wp-json\/wp\/v2\/comments?post=2490"}],"version-history":[{"count":20,"href":"https:\/\/cadbim.com.br\/en\/wp-json\/wp\/v2\/pages\/2490\/revisions"}],"predecessor-version":[{"id":3683,"href":"https:\/\/cadbim.com.br\/en\/wp-json\/wp\/v2\/pages\/2490\/revisions\/3683"}],"wp:attachment":[{"href":"https:\/\/cadbim.com.br\/en\/wp-json\/wp\/v2\/media?parent=2490"}],"curies":[{"name":"wp","href":"https:\/\/api.w.org\/{rel}","templated":true}]}}